{"id":3030,"date":"2023-05-19T13:50:13","date_gmt":"2023-05-19T13:50:13","guid":{"rendered":"https:\/\/healtern.com\/?post_type=product&#038;p=3030"},"modified":"2026-01-19T10:54:38","modified_gmt":"2026-01-19T10:54:38","slug":"healtern-specialty-coffee-komfort-bio","status":"publish","type":"product","link":"https:\/\/healtern.com\/en\/product\/healtern-specialty-coffee-komfort-bio\/","title":{"rendered":"Healtern specialty coffee<br> Comfort BIO"},"content":{"rendered":"","protected":false},"excerpt":{"rendered":"<p><img decoding=\"async\" class=\"alignnone wp-image-1908\" src=\"https:\/\/healtern.com\/wp-content\/uploads\/2022\/12\/eu-organic-logo-600x400_0-300x200.png\" alt=\"\" width=\"66\" height=\"44\" srcset=\"https:\/\/healtern.com\/wp-content\/uploads\/2022\/12\/eu-organic-logo-600x400_0-300x200.png 300w, https:\/\/healtern.com\/wp-content\/uploads\/2022\/12\/eu-organic-logo-600x400_0.png 600w\" sizes=\"(max-width: 66px) 100vw, 66px\" \/><\/p>\n<ul>\n<li>Made from coffee: 100% Arabica<\/li>\n<li>Whole Bean, Ground<\/li>\n<li>Roasting Level: 3\/5<\/li>\n<li>Acidity: 1\/5\n<br> \n<br>\nWe currently ship exclusively to Slovakia and the Czech Republic. If you\u2019re interested in partnering with us to distribute Healtern coffee in your country, please <a href=\"https:\/\/healtern.com\/en\/partneri\/\" target=\"_self\"> click here.<\/a><\/li>\n<\/ul>","protected":false},"featured_media":2032,"comment_status":"open","ping_status":"closed","template":"","meta":{"_monsterinsights_skip_tracking":false,"_monsterinsights_sitenote_active":false,"_monsterinsights_sitenote_note":"","_monsterinsights_sitenote_category":0,"site-sidebar-layout":"default","site-content-layout":"default","ast-site-content-layout":"default","site-content-style":"default","site-sidebar-style":"default","ast-global-header-display":"","ast-banner-title-visibility":"","ast-main-header-display":"","ast-hfb-above-header-display":"","ast-hfb-below-header-display":"","ast-hfb-mobile-header-display":"","site-post-title":"","ast-breadcrumbs-content":"","ast-featured-img":"","footer-sml-layout":"","theme-transparent-header-meta":"disabled","adv-header-id-meta":"","stick-header-meta":"","header-above-stick-meta":"","header-main-stick-meta":"","header-below-stick-meta":"","astra-migrate-meta-layouts":"set","ast-page-background-enabled":"default","ast-page-background-meta":{"desktop":{"background-color":"","background-image":"","background-repeat":"repeat","background-position":"center center","background-size":"auto","background-attachment":"scroll","background-type":"","background-media":"","overlay-type":"","overlay-color":"","overlay-opacity":"","overlay-gradient":""},"tablet":{"background-color":"","background-image":"","background-repeat":"repeat","background-position":"center center","background-size":"auto","background-attachment":"scroll","background-type":"","background-media":"","overlay-type":"","overlay-color":"","overlay-opacity":"","overlay-gradient":""},"mobile":{"background-color":"","background-image":"","background-repeat":"repeat","background-position":"center center","background-size":"auto","background-attachment":"scroll","background-type":"","background-media":"","overlay-type":"","overlay-color":"","overlay-opacity":"","overlay-gradient":""}},"ast-content-background-meta":{"desktop":{"background-color":"var(--ast-global-color-5)","background-image":"","background-repeat":"repeat","background-position":"center center","background-size":"auto","background-attachment":"scroll","background-type":"","background-media":"","overlay-type":"","overlay-color":"","overlay-opacity":"","overlay-gradient":""},"tablet":{"background-color":"var(--ast-global-color-5)","background-image":"","background-repeat":"repeat","background-position":"center center","background-size":"auto","background-attachment":"scroll","background-type":"","background-media":"","overlay-type":"","overlay-color":"","overlay-opacity":"","overlay-gradient":""},"mobile":{"background-color":"var(--ast-global-color-5)","background-image":"","background-repeat":"repeat","background-position":"center center","background-size":"auto","background-attachment":"scroll","background-type":"","background-media":"","overlay-type":"","overlay-color":"","overlay-opacity":"","overlay-gradient":""}}},"product_brand":[],"product_cat":[43],"product_tag":[],"class_list":{"0":"post-3030","1":"product","2":"type-product","3":"status-publish","4":"has-post-thumbnail","6":"product_cat-komfort","7":"desktop-align-left","8":"tablet-align-left","9":"mobile-align-left","11":"first","12":"instock","13":"taxable","14":"shipping-taxable","15":"purchasable","16":"product-type-variable"},"yoast_head":"<!-- This site is optimized with the Yoast SEO plugin v26.2 - https:\/\/yoast.com\/wordpress\/plugins\/seo\/ -->\n<title>Healtern specialty coffee Komfort BIO | 100% arabica s extraktom z BIO byl\u00edn<\/title>\n<meta name=\"description\" content=\"Recept\u00fara Healtern Komfort napom\u00e1ha k podpore imunity, k \u017eensk\u00e9mu komfortu alebo p\u00f4sob\u00ed ako pomocn\u00edk pri reduk\u010dn\u00fdch programoch a chudnut\u00ed.\" \/>\n<meta name=\"robots\" content=\"index, follow, max-snippet:-1, max-image-preview:large, max-video-preview:-1\" \/>\n<link rel=\"canonical\" href=\"https:\/\/healtern.com\/en\/product\/healtern-specialty-coffee-komfort-bio\/\" \/>\n<meta property=\"og:locale\" content=\"en_GB\" \/>\n<meta property=\"og:type\" content=\"article\" \/>\n<meta property=\"og:title\" content=\"Healtern specialty coffee Komfort BIO | 100% arabica s extraktom z BIO byl\u00edn\" \/>\n<meta property=\"og:description\" content=\"Recept\u00fara Healtern Komfort napom\u00e1ha k podpore imunity, k \u017eensk\u00e9mu komfortu alebo p\u00f4sob\u00ed ako pomocn\u00edk pri reduk\u010dn\u00fdch programoch a chudnut\u00ed.\" \/>\n<meta property=\"og:url\" content=\"https:\/\/healtern.com\/en\/product\/healtern-specialty-coffee-komfort-bio\/\" \/>\n<meta property=\"og:site_name\" content=\"Healtern | Specialty Coffee\" \/>\n<meta property=\"article:publisher\" content=\"https:\/\/www.facebook.com\/healterncoffee\" \/>\n<meta property=\"article:modified_time\" content=\"2026-01-19T10:54:38+00:00\" \/>\n<meta property=\"og:image\" content=\"https:\/\/healtern.com\/wp-content\/uploads\/2023\/01\/Healtern-kava_komfort-3.jpg\" \/>\n\t<meta property=\"og:image:width\" content=\"1350\" \/>\n\t<meta property=\"og:image:height\" content=\"1650\" \/>\n\t<meta property=\"og:image:type\" content=\"image\/jpeg\" \/>\n<meta name=\"twitter:card\" content=\"summary_large_image\" \/>\n<meta name=\"twitter:label1\" content=\"Estimated reading time\" \/>\n\t<meta name=\"twitter:data1\" content=\"1 minute\" \/>\n<script type=\"application\/ld+json\" class=\"yoast-schema-graph\">{\"@context\":\"https:\/\/schema.org\",\"@graph\":[{\"@type\":\"WebPage\",\"@id\":\"https:\/\/healtern.com\/produkt\/healtern-specialty-coffee-komfort-bio\/\",\"url\":\"https:\/\/healtern.com\/produkt\/healtern-specialty-coffee-komfort-bio\/\",\"name\":\"Healtern specialty coffee Komfort BIO | 100% arabica s extraktom z BIO byl\u00edn\",\"isPartOf\":{\"@id\":\"https:\/\/healtern.com\/#website\"},\"primaryImageOfPage\":{\"@id\":\"https:\/\/healtern.com\/produkt\/healtern-specialty-coffee-komfort-bio\/#primaryimage\"},\"image\":{\"@id\":\"https:\/\/healtern.com\/produkt\/healtern-specialty-coffee-komfort-bio\/#primaryimage\"},\"thumbnailUrl\":\"https:\/\/healtern.com\/wp-content\/uploads\/2023\/01\/Healtern-kava_komfort-3.jpg\",\"datePublished\":\"2023-05-19T13:50:13+00:00\",\"dateModified\":\"2026-01-19T10:54:38+00:00\",\"description\":\"Recept\u00fara Healtern Komfort napom\u00e1ha k podpore imunity, k \u017eensk\u00e9mu komfortu alebo p\u00f4sob\u00ed ako pomocn\u00edk pri reduk\u010dn\u00fdch programoch a chudnut\u00ed.\",\"breadcrumb\":{\"@id\":\"https:\/\/healtern.com\/produkt\/healtern-specialty-coffee-komfort-bio\/#breadcrumb\"},\"inLanguage\":\"en-GB\",\"potentialAction\":[{\"@type\":\"ReadAction\",\"target\":[\"https:\/\/healtern.com\/produkt\/healtern-specialty-coffee-komfort-bio\/\"]}]},{\"@type\":\"ImageObject\",\"inLanguage\":\"en-GB\",\"@id\":\"https:\/\/healtern.com\/produkt\/healtern-specialty-coffee-komfort-bio\/#primaryimage\",\"url\":\"https:\/\/healtern.com\/wp-content\/uploads\/2023\/01\/Healtern-kava_komfort-3.jpg\",\"contentUrl\":\"https:\/\/healtern.com\/wp-content\/uploads\/2023\/01\/Healtern-kava_komfort-3.jpg\",\"width\":1350,\"height\":1650},{\"@type\":\"BreadcrumbList\",\"@id\":\"https:\/\/healtern.com\/produkt\/healtern-specialty-coffee-komfort-bio\/#breadcrumb\",\"itemListElement\":[{\"@type\":\"ListItem\",\"position\":1,\"name\":\"Domovsk\u00e1 str\u00e1nka\",\"item\":\"https:\/\/healtern.com\/\"},{\"@type\":\"ListItem\",\"position\":2,\"name\":\"Obchod\",\"item\":\"https:\/\/healtern.com\/obchod\/\"},{\"@type\":\"ListItem\",\"position\":3,\"name\":\"Healtern specialty coffee Komfort BIO\"}]},{\"@type\":\"WebSite\",\"@id\":\"https:\/\/healtern.com\/#website\",\"url\":\"https:\/\/healtern.com\/\",\"name\":\"Healtern | Specialty Coffee\",\"description\":\"Bio v\u00fdberov\u00e1 k\u00e1va s pr\u00edmesou byl\u00edn\",\"publisher\":{\"@id\":\"https:\/\/healtern.com\/#organization\"},\"alternateName\":\"Healtern\",\"potentialAction\":[{\"@type\":\"SearchAction\",\"target\":{\"@type\":\"EntryPoint\",\"urlTemplate\":\"https:\/\/healtern.com\/?s={search_term_string}\"},\"query-input\":{\"@type\":\"PropertyValueSpecification\",\"valueRequired\":true,\"valueName\":\"search_term_string\"}}],\"inLanguage\":\"en-GB\"},{\"@type\":\"Organization\",\"@id\":\"https:\/\/healtern.com\/#organization\",\"name\":\"Healtern\",\"alternateName\":\"Healtern s.r.o.\",\"url\":\"https:\/\/healtern.com\/\",\"logo\":{\"@type\":\"ImageObject\",\"inLanguage\":\"en-GB\",\"@id\":\"https:\/\/healtern.com\/#\/schema\/logo\/image\/\",\"url\":\"https:\/\/healtern.com\/wp-content\/uploads\/2023\/02\/gold-healtern-logo-secondary@10x.png\",\"contentUrl\":\"https:\/\/healtern.com\/wp-content\/uploads\/2023\/02\/gold-healtern-logo-secondary@10x.png\",\"width\":1702,\"height\":1702,\"caption\":\"Healtern\"},\"image\":{\"@id\":\"https:\/\/healtern.com\/#\/schema\/logo\/image\/\"},\"sameAs\":[\"https:\/\/www.facebook.com\/healterncoffee\",\"https:\/\/www.instagram.com\/healterncoffee\/\"]}]}<\/script>\n<!-- \/ Yoast SEO plugin. -->","yoast_head_json":{"title":"Healtern specialty coffee Komfort BIO | 100% arabica s extraktom z BIO byl\u00edn","description":"Recept\u00fara Healtern Komfort napom\u00e1ha k podpore imunity, k \u017eensk\u00e9mu komfortu alebo p\u00f4sob\u00ed ako pomocn\u00edk pri reduk\u010dn\u00fdch programoch a chudnut\u00ed.","robots":{"index":"index","follow":"follow","max-snippet":"max-snippet:-1","max-image-preview":"max-image-preview:large","max-video-preview":"max-video-preview:-1"},"canonical":"https:\/\/healtern.com\/en\/product\/healtern-specialty-coffee-komfort-bio\/","og_locale":"en_GB","og_type":"article","og_title":"Healtern specialty coffee Komfort BIO | 100% arabica s extraktom z BIO byl\u00edn","og_description":"Recept\u00fara Healtern Komfort napom\u00e1ha k podpore imunity, k \u017eensk\u00e9mu komfortu alebo p\u00f4sob\u00ed ako pomocn\u00edk pri reduk\u010dn\u00fdch programoch a chudnut\u00ed.","og_url":"https:\/\/healtern.com\/en\/product\/healtern-specialty-coffee-komfort-bio\/","og_site_name":"Healtern | Specialty Coffee","article_publisher":"https:\/\/www.facebook.com\/healterncoffee","article_modified_time":"2026-01-19T10:54:38+00:00","og_image":[{"width":1350,"height":1650,"url":"https:\/\/healtern.com\/wp-content\/uploads\/2023\/01\/Healtern-kava_komfort-3.jpg","type":"image\/jpeg"}],"twitter_card":"summary_large_image","twitter_misc":{"Estimated reading time":"1 minute"},"schema":{"@context":"https:\/\/schema.org","@graph":[{"@type":"WebPage","@id":"https:\/\/healtern.com\/produkt\/healtern-specialty-coffee-komfort-bio\/","url":"https:\/\/healtern.com\/produkt\/healtern-specialty-coffee-komfort-bio\/","name":"Healtern specialty coffee Komfort BIO | 100% arabica s extraktom z BIO byl\u00edn","isPartOf":{"@id":"https:\/\/healtern.com\/#website"},"primaryImageOfPage":{"@id":"https:\/\/healtern.com\/produkt\/healtern-specialty-coffee-komfort-bio\/#primaryimage"},"image":{"@id":"https:\/\/healtern.com\/produkt\/healtern-specialty-coffee-komfort-bio\/#primaryimage"},"thumbnailUrl":"https:\/\/healtern.com\/wp-content\/uploads\/2023\/01\/Healtern-kava_komfort-3.jpg","datePublished":"2023-05-19T13:50:13+00:00","dateModified":"2026-01-19T10:54:38+00:00","description":"Recept\u00fara Healtern Komfort napom\u00e1ha k podpore imunity, k \u017eensk\u00e9mu komfortu alebo p\u00f4sob\u00ed ako pomocn\u00edk pri reduk\u010dn\u00fdch programoch a chudnut\u00ed.","breadcrumb":{"@id":"https:\/\/healtern.com\/produkt\/healtern-specialty-coffee-komfort-bio\/#breadcrumb"},"inLanguage":"en-GB","potentialAction":[{"@type":"ReadAction","target":["https:\/\/healtern.com\/produkt\/healtern-specialty-coffee-komfort-bio\/"]}]},{"@type":"ImageObject","inLanguage":"en-GB","@id":"https:\/\/healtern.com\/produkt\/healtern-specialty-coffee-komfort-bio\/#primaryimage","url":"https:\/\/healtern.com\/wp-content\/uploads\/2023\/01\/Healtern-kava_komfort-3.jpg","contentUrl":"https:\/\/healtern.com\/wp-content\/uploads\/2023\/01\/Healtern-kava_komfort-3.jpg","width":1350,"height":1650},{"@type":"BreadcrumbList","@id":"https:\/\/healtern.com\/produkt\/healtern-specialty-coffee-komfort-bio\/#breadcrumb","itemListElement":[{"@type":"ListItem","position":1,"name":"Domovsk\u00e1 str\u00e1nka","item":"https:\/\/healtern.com\/"},{"@type":"ListItem","position":2,"name":"Obchod","item":"https:\/\/healtern.com\/obchod\/"},{"@type":"ListItem","position":3,"name":"Healtern specialty coffee Komfort BIO"}]},{"@type":"WebSite","@id":"https:\/\/healtern.com\/#website","url":"https:\/\/healtern.com\/","name":"Healtern | Specialty Coffee","description":"Bio v\u00fdberov\u00e1 k\u00e1va s pr\u00edmesou byl\u00edn","publisher":{"@id":"https:\/\/healtern.com\/#organization"},"alternateName":"Healtern","potentialAction":[{"@type":"SearchAction","target":{"@type":"EntryPoint","urlTemplate":"https:\/\/healtern.com\/?s={search_term_string}"},"query-input":{"@type":"PropertyValueSpecification","valueRequired":true,"valueName":"search_term_string"}}],"inLanguage":"en-GB"},{"@type":"Organization","@id":"https:\/\/healtern.com\/#organization","name":"Healtern","alternateName":"Healtern s.r.o.","url":"https:\/\/healtern.com\/","logo":{"@type":"ImageObject","inLanguage":"en-GB","@id":"https:\/\/healtern.com\/#\/schema\/logo\/image\/","url":"https:\/\/healtern.com\/wp-content\/uploads\/2023\/02\/gold-healtern-logo-secondary@10x.png","contentUrl":"https:\/\/healtern.com\/wp-content\/uploads\/2023\/02\/gold-healtern-logo-secondary@10x.png","width":1702,"height":1702,"caption":"Healtern"},"image":{"@id":"https:\/\/healtern.com\/#\/schema\/logo\/image\/"},"sameAs":["https:\/\/www.facebook.com\/healterncoffee","https:\/\/www.instagram.com\/healterncoffee\/"]}]}},"_links":{"self":[{"href":"https:\/\/healtern.com\/en\/wp-json\/wp\/v2\/product\/3030","targetHints":{"allow":["GET"]}}],"collection":[{"href":"https:\/\/healtern.com\/en\/wp-json\/wp\/v2\/product"}],"about":[{"href":"https:\/\/healtern.com\/en\/wp-json\/wp\/v2\/types\/product"}],"replies":[{"embeddable":true,"href":"https:\/\/healtern.com\/en\/wp-json\/wp\/v2\/comments?post=3030"}],"wp:featuredmedia":[{"embeddable":true,"href":"https:\/\/healtern.com\/en\/wp-json\/wp\/v2\/media\/2032"}],"wp:attachment":[{"href":"https:\/\/healtern.com\/en\/wp-json\/wp\/v2\/media?parent=3030"}],"wp:term":[{"taxonomy":"product_brand","embeddable":true,"href":"https:\/\/healtern.com\/en\/wp-json\/wp\/v2\/product_brand?post=3030"},{"taxonomy":"product_cat","embeddable":true,"href":"https:\/\/healtern.com\/en\/wp-json\/wp\/v2\/product_cat?post=3030"},{"taxonomy":"product_tag","embeddable":true,"href":"https:\/\/healtern.com\/en\/wp-json\/wp\/v2\/product_tag?post=3030"}],"curies":[{"name":"wp","href":"https:\/\/api.w.org\/{rel}","templated":true}]}}